{"id":56,"date":"2019-04-02T13:29:55","date_gmt":"2019-04-02T13:29:55","guid":{"rendered":"https:\/\/anr-collabora.parisnanterre.fr\/?page_id=56"},"modified":"2019-04-03T08:12:31","modified_gmt":"2019-04-03T08:12:31","slug":"suggere-une-plateforme","status":"publish","type":"page","link":"https:\/\/anr-collabora.parisnanterre.fr\/index.php\/suggere-une-plateforme\/","title":{"rendered":"Sugg\u00e9rer une plateforme"},"content":{"rendered":"\n<p>Vous pouvez aider le projet ANR COLLABORA en sugg\u00e9rant des plateformes ou projets num\u00e9riques contributifs dans le secteur de la culture. <\/p>\n\n\n\n<p>Vous pouvez laisser votre nom et email (ce n&rsquo;est pas obligatoire). Ces informations ne seront pas archiv\u00e9es dans notre base de donn\u00e9es, mais nous permettrons de vous contacter pour avoir plus d&rsquo;information sur la plateforme signal\u00e9e. <\/p>\n\n\n<div class=\"ap-form-wrapper\"><form method=\"post\" action=\"\" enctype=\"multipart\/form-data\" class=\"ap-form-wrapper\" onsubmit=\"return check_form_submittable()\">\r\n                <div class=\"ap-form-field-wrapper\">\r\n                  <label>Url de la plateforme<\/label>\r\n                  <div class=\"ap-form-field\"><input type=\"text\" name=\"ap_form_post_title\" class=\"ap-required-field\" data-required-message=\"Url de la plateforme\"\/><\/div><div class=\"ap-form-error-message\"><\/div><\/div><!--ap-form-field-wrapper-->\r\n                <div class=\"ap-form-field-wrapper\">\r\n                <input type=\"hidden\" id=\"ap-editor-type\" value=\"simple\"\/>\r\n                  <label>Nom et descriptif de la plateforme<\/label>\r\n                  <div class=\"ap-form-field\"><textarea name=\"ap_form_content_editor\" rows=\"5\" data-required-message = \"Ce champ est obligatoire\"><\/textarea><\/div><div class=\"ap-form-error-message ap-content-error-message\" data-required-message=\"Nom et description de la plateforme\"><\/div><\/div><!--ap-form-field-wrapper--><div class=\"ap-form-field-wrapper\">\r\n                <label>Votre nom (Il ne sera pas visualis\u00e9)<\/label>\r\n                <div class=\"ap-form-field\">\r\n                   <input type=\"text\" name=\"ap_author_name\"  data-required-message=\"Il ne sera pas visualis\u00e9\" value=\"\"\/> \r\n                <\/div><!--ap-form-field-->\r\n                <div class=\"ap-form-error-message\"><\/div>\r\n             <\/div><!--ap-form-field-wrapper--><div class=\"ap-form-field-wrapper\">\r\n                <label>E-mail (Il ne sera pas visualis\u00e9)<\/label>\r\n                <div class=\"ap-form-field\">\r\n                   <input type=\"email\" name=\"ap_author_email\"  data-required-message=\"Il ne sera pas visualis\u00e9\" value=\"\"\/> \r\n                <\/div><!--ap-form-field-->\r\n                <div class=\"ap-form-error-message\"><\/div>\r\n             <\/div><!--ap-form-field-wrapper--><div class=\"ap-form-field-wrapper\">\r\n              <label>V\u00e9rification humaine<\/label>\r\n              <div class=\"ap-form-field math-captcha\">\r\n                <span class=\"ap-captcha-first-num\">2<\/span>+<span class=\"ap-captcha-second-num\">6<\/span>=<input type=\"text\" name=\"ap_captcha_result\" id=\"ap-captcha-result\" placeholder=\"Saisissez la somme\" class=\"ap-required-field\" data-required-message=\"Ce champ est obligatoire\">\r\n                <input type=\"hidden\" name=\"ap_num1\" value=\"2\"\/>\r\n                <input type=\"hidden\" name=\"ap_num2\" value=\"6\"\/>\r\n              <\/div>\r\n              <div class=\"ap-form-error-message ap-captcha-error-msg\" data-captcha-error-msg=\"\"><\/div> \r\n            <\/div><!--ap-form-field-wrapper--><div class=\"ap-form-field-wrapper\">\r\n           <div class=\"ap-form-field ap-form-submit-wrapper\">\r\n             <input type=\"submit\" class=\"ap-form-submit-button\" value=\"Envoyer\" name=\"ap_form_submit_btn\"\/>\r\n           <\/div>\r\n         <\/div><input type=\"hidden\" id=\"ap_form_nonce\" name=\"ap_form_nonce\" value=\"81b82cc916\" \/><input type=\"hidden\" name=\"_wp_http_referer\" value=\"\/index.php\/wp-json\/wp\/v2\/pages\/56\" \/><input type=\"hidden\" value=\"https:\/\/anr-collabora.parisnanterre.fr\/index.php\/plateformes\/\" name=\"redirect_url\"\/><input type=\"hidden\" value=\"1\" class=\"ap-captcha-flag\"\/><input type=\"hidden\" value=\"math\" class=\"ap-captcha-type\"\/><\/form><\/div><!--ap-form-->\n\n\n\n<h4>Liste des plateformes sugg\u00e9r\u00e9es<\/h4>\n\n\n\n[posts_table category=plateformes]\n","protected":false},"excerpt":{"rendered":"<p>Vous pouvez aider le projet ANR COLLABORA en sugg\u00e9rant des plateformes ou projets num\u00e9riques contributifs dans le secteur de la culture. Vous pouvez laisser votre nom et email (ce n&rsquo;est pas obligatoire). Ces informations ne seront pas archiv\u00e9es dans notre base de donn\u00e9es, mais nous permettrons de vous contacter pour avoir plus d&rsquo;information sur la [&hellip;]<\/p>\n","protected":false},"author":1,"featured_media":0,"parent":0,"menu_order":0,"comment_status":"closed","ping_status":"closed","template":"","meta":[],"_links":{"self":[{"href":"https:\/\/anr-collabora.parisnanterre.fr\/index.php\/wp-json\/wp\/v2\/pages\/56"}],"collection":[{"href":"https:\/\/anr-collabora.parisnanterre.fr\/index.php\/wp-json\/wp\/v2\/pages"}],"about":[{"href":"https:\/\/anr-collabora.parisnanterre.fr\/index.php\/wp-json\/wp\/v2\/types\/page"}],"author":[{"embeddable":true,"href":"https:\/\/anr-collabora.parisnanterre.fr\/index.php\/wp-json\/wp\/v2\/users\/1"}],"replies":[{"embeddable":true,"href":"https:\/\/anr-collabora.parisnanterre.fr\/index.php\/wp-json\/wp\/v2\/comments?post=56"}],"version-history":[{"count":7,"href":"https:\/\/anr-collabora.parisnanterre.fr\/index.php\/wp-json\/wp\/v2\/pages\/56\/revisions"}],"predecessor-version":[{"id":81,"href":"https:\/\/anr-collabora.parisnanterre.fr\/index.php\/wp-json\/wp\/v2\/pages\/56\/revisions\/81"}],"wp:attachment":[{"href":"https:\/\/anr-collabora.parisnanterre.fr\/index.php\/wp-json\/wp\/v2\/media?parent=56"}],"curies":[{"name":"wp","href":"https:\/\/api.w.org\/{rel}","templated":true}]}}