{"id":481,"date":"2021-03-02T17:18:16","date_gmt":"2021-03-02T17:18:16","guid":{"rendered":"https:\/\/anr-collabora.parisnanterre.fr\/?page_id=481"},"modified":"2021-06-30T14:50:47","modified_gmt":"2021-06-30T14:50:47","slug":"entretiens","status":"publish","type":"page","link":"https:\/\/anr-collabora.parisnanterre.fr\/index.php\/entretiens\/","title":{"rendered":"D\u00e9couvrez les interventions"},"content":{"rendered":"\n<p>Les \u00e9tudiants de <a href=\"https:\/\/licence-infocom.parisnanterre.fr\/\">L3 Communication Audiovisuelle de l&rsquo;universit\u00e9 Paris Nanterre<\/a> ont r\u00e9alis\u00e9 des entretiens issus du colloque \u00ab\u00a0La fabrique de la participation culturelle\u00a0\u00bb. Les chercheurs interview\u00e9s y pr\u00e9sentent leurs th\u00e9matiques de recherche, un r\u00e9sum\u00e9 de leur communication et mettent en perspective la participation culturelle au regard des enjeux d\u00e9mocratiques contemporains et du contexte de distanciation sociale. Ce travail a \u00e9t\u00e9 encadr\u00e9 par la responsable du parcours, Virginie Sonet.<\/p>\n\n\n\n<h4>Lucie Alexis, Laboratoire CARISM, Universit\u00e9 Paris 2<\/h4>\n\n\n<p><\/p>\n\n\n<figure><iframe loading=\"lazy\" src=\"https:\/\/www.youtube.com\/embed\/euYhQ6wPqfk\" allow=\"accelerometer; autoplay; clipboard-write; encrypted-media; gyroscope; picture-in-picture\" allowfullscreen=\"\" width=\"560\" height=\"315\"><\/iframe><\/figure>\n\n\n<p><\/p>\n\n\n<h4>Laurence Allard, Paris 3 IRCAV, Universit\u00e9 de Lille<\/h4>\n\n\n<p><\/p>\n\n\n<iframe loading=\"lazy\" src=\"https:\/\/www.youtube.com\/embed\/Ctw5DVSBoxY\" title=\"YouTube video player\" allow=\"accelerometer; autoplay; clipboard-write; encrypted-media; gyroscope; picture-in-picture\" allowfullscreen=\"\" width=\"560\" height=\"315\" frameborder=\"0\"><\/iframe>\n\n\n<p><\/p>\n\n\n<h4>S\u00e9bastien Appiotti, Laboratoire CEMTI, Universit\u00e9 Paris 8<\/h4>\n\n\n<p><\/p>\n\n\n<figure><iframe loading=\"lazy\" src=\"https:\/\/www.youtube.com\/embed\/m0_9dmMvz1U\" allow=\"accelerometer; autoplay; clipboard-write; encrypted-media; gyroscope; picture-in-picture\" allowfullscreen=\"\" width=\"560\" height=\"315\"><\/iframe><\/figure>\n\n\n<p><\/p>\n\n\n<h4>Laura Bousquet, Laboratoire ELICO, Unversit\u00e9 Lyon 2\/Johannes-Gutenberg Unversit\u00e4t Mainz<\/h4>\n\n\n<p><\/p>\n\n\n<iframe loading=\"lazy\" src=\"https:\/\/www.youtube.com\/embed\/OARaZ3AGLMY\" allow=\"accelerometer; autoplay; clipboard-write; encrypted-media; gyroscope; picture-in-picture\" allowfullscreen=\"\" width=\"560\" height=\"315\" frameborder=\"0\"><\/iframe>\n\n\n<p><\/p>\n\n\n<h4>Vincent Bullich, Laboratoire GRESEC, Universit\u00e9 Universit\u00e9 Grenoble Alpes<\/h4>\n\n\n<p><\/p>\n\n\n<iframe loading=\"lazy\" src=\"https:\/\/www.youtube.com\/embed\/fCzOv6uaAho\" title=\"YouTube video player\" allow=\"accelerometer; autoplay; clipboard-write; encrypted-media; gyroscope; picture-in-picture\" allowfullscreen=\"\" width=\"560\" height=\"315\" frameborder=\"0\"><\/iframe>\n\n\n<p><\/p>\n\n\n<h4>Fran\u00e7oise Cahen, Laboatoire THALIM, Universit\u00e9 Paris 3 Sorbonne Nouvelle<\/h4>\n\n\n<p><\/p>\n\n\n<iframe loading=\"lazy\" src=\"https:\/\/www.youtube.com\/embed\/fVtbt1NratM\" title=\"YouTube video player\" allow=\"accelerometer; autoplay; clipboard-write; encrypted-media; gyroscope; picture-in-picture\" allowfullscreen=\"\" width=\"560\" height=\"315\" frameborder=\"0\"><\/iframe>\n\n\n<p><\/p>\n\n\n<h4>Yves Citton, professeur en litt\u00e9rature, Universit\u00e9 Paris 8, directeur de l&rsquo;\u00e9cole universitaire Artec<\/h4>\n\n\n<p><\/p>\n\n\n<iframe loading=\"lazy\" src=\"https:\/\/www.youtube.com\/embed\/ujyQeitYG9k\" title=\"YouTube video player\" allow=\"accelerometer; autoplay; clipboard-write; encrypted-media; gyroscope; picture-in-picture\" allowfullscreen=\"\" width=\"560\" height=\"315\" frameborder=\"0\"><\/iframe>\n\n\n<p><\/p>\n\n\n<h4>Val\u00e9rie Croissant, Laboratoire ELICO, Universit\u00e9 Lyon 2 &amp;<br>Marie Cambone, GRESEC, Universit\u00e9 Grenoble Alpes<\/h4>\n\n\n<p><\/p>\n\n\n<iframe loading=\"lazy\" src=\"https:\/\/www.youtube.com\/embed\/DkwRBXmZBOA\" allow=\"accelerometer; autoplay; clipboard-write; encrypted-media; gyroscope; picture-in-picture\" allowfullscreen=\"\" width=\"560\" height=\"315\" frameborder=\"0\"><\/iframe>\n\n\n<p><\/p>\n\n\n<h4>Sarah Gensburger, ISP, CNRS<\/h4>\n\n\n<p><\/p>\n\n\n<figure><iframe loading=\"lazy\" src=\"https:\/\/www.youtube.com\/embed\/fchGBfi8lM8\" allow=\"accelerometer; autoplay; clipboard-write; encrypted-media; gyroscope; picture-in-picture\" allowfullscreen=\"\" width=\"560\" height=\"315\"><\/iframe><\/figure>\n\n\n<p><\/p>\n\n\n<h4>Viviana Lipuma, Labex Arts H2H, Universit\u00e9 Paris 8<\/h4>\n\n\n<p><\/p>\n\n\n<iframe loading=\"lazy\" src=\"https:\/\/www.youtube.com\/embed\/8L-MHsdY9oA\" allow=\"accelerometer; autoplay; clipboard-write; encrypted-media; gyroscope; picture-in-picture\" allowfullscreen=\"\" width=\"560\" height=\"315\" frameborder=\"0\"><\/iframe>\n\n\n<p><\/p>\n\n\n<h4>Nicolas Navarro, Laboratoire ELICO, Universit\u00e9 Lyon 2<br>Lise Renaud, Centre Norbert Elias, Universit\u00e9 d&rsquo;Avignon<\/h4>\n\n\n<p><\/p>\n\n\n<iframe loading=\"lazy\" src=\"https:\/\/www.youtube.com\/embed\/mwr3np7O5x8\" title=\"YouTube video player\" allow=\"accelerometer; autoplay; clipboard-write; encrypted-media; gyroscope; picture-in-picture\" allowfullscreen=\"\" width=\"560\" height=\"315\" frameborder=\"0\"><\/iframe>\n\n\n<p><\/p>\n\n\n<h4>St\u00e9phanie Parmentier, Laboratoire TELEM, Universit\u00e9 Universit\u00e9 Bordeaux Montaigne<\/h4>\n\n\n<p><\/p>\n\n\n<iframe loading=\"lazy\" src=\"https:\/\/www.youtube.com\/embed\/oQ9sfLh4COQ\" title=\"YouTube video player\" allow=\"accelerometer; autoplay; clipboard-write; encrypted-media; gyroscope; picture-in-picture\" allowfullscreen=\"\" width=\"560\" height=\"315\" frameborder=\"0\"><\/iframe>\n\n\n<p><\/p>\n\n\n<h4>Dominique Pety, Laboratoire LLSETI, Universit\u00e9 Savoie Mont Blanc<\/h4>\n\n\n<p><\/p>\n\n\n<iframe loading=\"lazy\" src=\"https:\/\/www.youtube.com\/embed\/cezAqHipH8c\" title=\"YouTube video player\" allow=\"accelerometer; autoplay; clipboard-write; encrypted-media; gyroscope; picture-in-picture\" allowfullscreen=\"\" width=\"560\" height=\"315\" frameborder=\"0\"><\/iframe>\n\n\n<p><\/p>\n\n\n<h4>Eva Sandri, Laboratoire LERASS, Universit\u00e9 Paul Val\u00e9ry Montpellier<\/h4>\n\n\n<p><\/p>\n\n\n<iframe loading=\"lazy\" src=\"https:\/\/www.youtube.com\/embed\/LNnk7E0zS-w\" title=\"YouTube video player\" allow=\"accelerometer; autoplay; clipboard-write; encrypted-media; gyroscope; picture-in-picture\" allowfullscreen=\"\" width=\"560\" height=\"315\" frameborder=\"0\"><\/iframe>\n\n\n<p><\/p>\n\n\n<h4>Antonin Segault, Laboratoire DICEN-idf, Universit\u00e9 Paris Nanterre<\/h4>\n\n\n<p><\/p>\n\n\n<iframe loading=\"lazy\" src=\"https:\/\/www.youtube.com\/embed\/rTKp4XXOfNo\" allow=\"accelerometer; autoplay; clipboard-write; encrypted-media; gyroscope; picture-in-picture\" allowfullscreen=\"\" width=\"560\" height=\"315\" frameborder=\"0\"><\/iframe>\n\n\n<p><\/p>\n\n\n<h4>Pascal Simoens, Institut Num\u00e9diart, Universit\u00e9 de Mons<\/h4>\n\n\n<p><\/p>\n\n\n<iframe loading=\"lazy\" src=\"https:\/\/www.youtube.com\/embed\/et9jesQiL6k\" title=\"YouTube video player\" allow=\"accelerometer; autoplay; clipboard-write; encrypted-media; gyroscope; picture-in-picture\" allowfullscreen=\"\" width=\"560\" height=\"315\" frameborder=\"0\"><\/iframe>\n\n\n<p><\/p>\n\n\n<h4>Olivier Thuillas, Laboratoire DICEN-idf, Universit\u00e9 Paris Nanterre<\/h4>\n\n\n<p><\/p>\n\n\n<iframe loading=\"lazy\" src=\"https:\/\/www.youtube.com\/embed\/vrNSpKFCeys\" title=\"YouTube video player\" allow=\"accelerometer; autoplay; clipboard-write; encrypted-media; gyroscope; picture-in-picture\" allowfullscreen=\"\" width=\"560\" height=\"315\" frameborder=\"0\"><\/iframe>\n\n\n<p><\/p>\n\n\n<h4>Irene de Togni, Laboratoire DICEN-idf, Universit\u00e9 Paris Nanterre<\/h4>\n\n\n<p><\/p>\n\n\n<iframe loading=\"lazy\" src=\"https:\/\/www.youtube.com\/embed\/VOmu_z7v9aA\" allow=\"accelerometer; autoplay; clipboard-write; encrypted-media; gyroscope; picture-in-picture\" allowfullscreen=\"\" width=\"560\" height=\"315\" frameborder=\"0\"><\/iframe>\n\n\n<p><\/p>\n\n\n<h4>Virginie Tostain &amp; Aude Sivigny, Ville de Tours<\/h4>\n\n\n<p><\/p>\n\n\n<iframe loading=\"lazy\" src=\"https:\/\/www.youtube.com\/embed\/Lh_CaFL12Fc\" allowfullscreen=\"allowfullscreen\" width=\"560\" height=\"315\" frameborder=\"0\"><\/iframe>\n\n\n<p><\/p>\n\n\n<h4>Olivier Vanh\u00e9e, Centre Max Weber, ENS Lyon, Universit\u00e9 Lyon 2<\/h4>\n\n\n<p><\/p>\n\n\n<figure><iframe loading=\"lazy\" src=\"https:\/\/www.youtube.com\/embed\/bmQGdizxKnM\" allow=\"accelerometer; autoplay; clipboard-write; encrypted-media; gyroscope; picture-in-picture\" allowfullscreen=\"\" width=\"560\" height=\"315\"><\/iframe><\/figure>\n","protected":false},"excerpt":{"rendered":"<p>Les \u00e9tudiants de L3 Communication Audiovisuelle de l&rsquo;universit\u00e9 Paris Nanterre ont r\u00e9alis\u00e9 des entretiens issus du colloque \u00ab\u00a0La fabrique de la participation culturelle\u00a0\u00bb. Les chercheurs interview\u00e9s y pr\u00e9sentent leurs th\u00e9matiques de recherche, un r\u00e9sum\u00e9 de leur communication et mettent en perspective la participation culturelle au regard des enjeux d\u00e9mocratiques contemporains et du contexte de distanciation [&hellip;]<\/p>\n","protected":false},"author":4,"featured_media":0,"parent":0,"menu_order":0,"comment_status":"closed","ping_status":"closed","template":"","meta":[],"_links":{"self":[{"href":"https:\/\/anr-collabora.parisnanterre.fr\/index.php\/wp-json\/wp\/v2\/pages\/481"}],"collection":[{"href":"https:\/\/anr-collabora.parisnanterre.fr\/index.php\/wp-json\/wp\/v2\/pages"}],"about":[{"href":"https:\/\/anr-collabora.parisnanterre.fr\/index.php\/wp-json\/wp\/v2\/types\/page"}],"author":[{"embeddable":true,"href":"https:\/\/anr-collabora.parisnanterre.fr\/index.php\/wp-json\/wp\/v2\/users\/4"}],"replies":[{"embeddable":true,"href":"https:\/\/anr-collabora.parisnanterre.fr\/index.php\/wp-json\/wp\/v2\/comments?post=481"}],"version-history":[{"count":53,"href":"https:\/\/anr-collabora.parisnanterre.fr\/index.php\/wp-json\/wp\/v2\/pages\/481\/revisions"}],"predecessor-version":[{"id":612,"href":"https:\/\/anr-collabora.parisnanterre.fr\/index.php\/wp-json\/wp\/v2\/pages\/481\/revisions\/612"}],"wp:attachment":[{"href":"https:\/\/anr-collabora.parisnanterre.fr\/index.php\/wp-json\/wp\/v2\/media?parent=481"}],"curies":[{"name":"wp","href":"https:\/\/api.w.org\/{rel}","templated":true}]}}