{"id":446,"date":"2021-02-12T09:49:31","date_gmt":"2021-02-12T09:49:31","guid":{"rendered":"https:\/\/anr-collabora.parisnanterre.fr\/?page_id=446"},"modified":"2021-02-12T15:04:31","modified_gmt":"2021-02-12T15:04:31","slug":"programme-du-colloque","status":"publish","type":"page","link":"https:\/\/anr-collabora.parisnanterre.fr\/index.php\/programme-du-colloque\/","title":{"rendered":"Programme du colloque"},"content":{"rendered":"\n<p>PROGRAMME<\/p>\n\n\n\n<p><strong>Lundi 30 novembre 2020 (en ligne)<br><\/strong><\/p>\n\n\n\n<p><strong>9h15&nbsp;<\/strong><em><strong>Ouverture&nbsp;<\/strong><\/em><br>Marta Severo, coordinatrice ANR COLLABORA&nbsp;&nbsp;<\/p>\n\n\n\n<p><strong>9h30<br><em>Session 1 &#8211; M\u00e9moires collectives et patrimoines partag\u00e9s<\/em><\/strong>&nbsp;<br>Chair : C\u00e9cile Payeur,&nbsp;DICEN-IDF, Universit\u00e9 Paris Nanterre&nbsp;&nbsp;<\/p>\n\n\n\n<p><em>Vers une injonction \u00e0 la participation ? \u00c9tude de cas autour du r\u00f4le de la photographie pour la RMN \u2013 Grand Palais<\/em>, S\u00e9bastien&nbsp;<strong>Appiotti<\/strong>, Laboratoire CEMTI, Universit\u00e9 Paris 8&nbsp;<\/p>\n\n\n\n<p><em>Les concours photographiques Wiki Loves Monuments : participation culturelle et animation de communaut\u00e9<\/em>, Antonin&nbsp;<strong>Segault<\/strong>, Laboratoire DICEN-IDF, Universit\u00e9 Paris Nanterre&nbsp;&nbsp;<\/p>\n\n\n\n<p><em>Quand les applications de visite patrimoniale se font citoyennes.<br><\/em>Lise&nbsp;<strong>Renaud<\/strong>, Centre NORBERT ELIAS, Universit\u00e9 d\u2019Avignon \/ Nicolas&nbsp;<strong>Navarro<\/strong>, Laboratoire ELICO, Universit\u00e9 Lyon 2&nbsp;<\/p>\n\n\n\n<p><em>La participation citoyenne dans les Observatoires photographiques du paysage.<br><\/em>Svenja&nbsp;<strong>Jarmuschewski<\/strong>, Laboratoire LLSETI, Universit\u00e9 Savoie Mont Blanc<\/p>\n\n\n\n<p>11h Pause<\/p>\n\n\n\n<p><strong>11h30<br><\/strong><em><strong>Que fabrique le citoyen capteur ?&nbsp;<\/strong><\/em><br><strong>Laurence Allard<\/strong>, Universit\u00e9 de Lille<\/p>\n\n\n\n<p>12h30 Pause<\/p>\n\n\n\n<p><strong>14h<br><em>Session 2 &#8211; Enjeux politiques et angles morts de la participation num\u00e9rique<\/em><\/strong>&nbsp;<br>Chair : Antonin Segault,&nbsp;DICEN-IDF, Universit\u00e9 Paris Nanterre&nbsp;&nbsp;&nbsp;<\/p>\n\n\n\n<p><em>G\u00e9n\u00e9ration et g\u00e9n\u00e9ricit\u00e9 des plateformes de valorisation participative du patrimoine num\u00e9ris\u00e9<\/em>, C\u00e9cile&nbsp;<strong>Payeur<\/strong>, Laboratoire DICEN-IDF, Universit\u00e9 Paris Nanterre&nbsp;\/&nbsp;Lisa&nbsp;<strong>Chupin<\/strong>, Laboratoire DICEN-IDF, Universit\u00e9 de Paris \/&nbsp;<\/p>\n\n\n\n<p><em>Agilit\u00e9s transm\u00e9diatiques des sociabilit\u00e9s litt\u00e9raires \u00e0 partir des plateformes critiques<\/em>, Fran\u00e7oise&nbsp;<strong>Cahen<\/strong>, Laboratoire THALIM, Universit\u00e9 Paris 3 Sorbonne Nouvelle&nbsp;<\/p>\n\n\n\n<p><em>La cr\u00e9ation participative transm\u00e9dia contre la plateformisation : le G\u00e9n\u00e9ral Instin mod\u00e8le de l\u2019antiplateforme culturelle<\/em>, Manuel&nbsp;<strong>Zacklad<\/strong>, Laboratoire DICEN-IDF, CNAM \/ Patrick&nbsp;<strong>Chatelier<\/strong>, Remue.net&nbsp;<\/p>\n\n\n\n<p><em>Participation d\u00e9mocratique ou occupation num\u00e9rique peur une d\u00e9mocratie \u00e0 venir ? Le cas des collectifs d&rsquo;artivistes russes {rodina} et Rebra Evi (Saint-Petersbourg)<\/em>, Viviana<strong>&nbsp;Lipuma<\/strong>, Labex Arts H2H, Universit\u00e9 Paris 8<\/p>\n\n\n\n<p>15h30 Pause<\/p>\n\n\n\n<p><strong>16h&nbsp;<\/strong><em><strong>Rebonds sur les th\u00e8mes de la journ\u00e9e et participation de la salle en ligne<\/strong>, avec&nbsp;<\/em><strong>Yves Citton<\/strong>&nbsp;(Universit\u00e9 Paris 8), r\u00e9pondant et animateur des discussions&nbsp;<\/p>\n\n\n\n<p><strong>17h<\/strong>&nbsp;<strong><em>Inauguration de l\u2019exposition virtuelle<\/em>&nbsp;<\/strong><em><strong>Vitrines en confinement<\/strong>,&nbsp;<\/em>Sarah<strong>&nbsp;Gensburger<\/strong>, ISP, CNRS \/ Marta<strong>&nbsp;Severo<\/strong>, DICEN-IDF, Universit\u00e9 Paris Nanterre&nbsp;<\/p>\n\n\n\n<p><strong>Mardi 1 d\u00e9cembre 2020<\/strong> <strong>(en ligne)<\/strong><\/p>\n\n\n\n<p><strong>9h30<br><em>Session 3 &#8211; D\u00e9fis de la plateformisation<\/em><\/strong>&nbsp;<br>Chair : Virginie Sonet, HAR, Universit\u00e9 Paris Nanterre&nbsp;&nbsp;<\/p>\n\n\n\n<p><em>Les formes publiques de courtage informationnel&nbsp;: l\u2019exemple des services g\u00e9oCulture,&nbsp;<\/em>Olivier&nbsp;<strong>Thuillas<\/strong>, Laboratoire DICEN-IDF, Universit\u00e9 Paris Nanterre&nbsp;<\/p>\n\n\n\n<p><em>Discours et pratiques de la participation dans la construction des hi\u00e9rarchies cin\u00e9matographiques sur les plateformes de streaming vid\u00e9o<\/em>, Val\u00e9rie&nbsp;<strong>Croissant<\/strong>, Laboratoire ELICO, Universit\u00e9 Lumi\u00e8re Lyon 2 \/ Marie&nbsp;<strong>Cambone<\/strong>, Laboratoire GRESEC, Universit\u00e9 Grenoble Alpes&nbsp;<\/p>\n\n\n\n<p><em>Les \u00e9diteurs \u00e0 l&rsquo;assaut des plateformes de lecture sociale&nbsp;?&nbsp;: Entre renoncements, difficult\u00e9s d\u2019identification et rares succ\u00e8s,&nbsp;<\/em>Laura&nbsp;<strong>Bousquet<\/strong>, Laboratoire ELICO, Universit\u00e9 Lumi\u00e8re Lyon 2 \/&nbsp;&nbsp;Johannes-Gutenberg Universit\u00e4t Mainz&nbsp;<\/p>\n\n\n\n<p><em>De la \u00ab&nbsp;fabrique&nbsp;\u00bb aux march\u00e9s de la participation culturelle&nbsp;: de quelques effets de la&nbsp;\u00ab&nbsp;plateformisation&nbsp;\u00bb,&nbsp;<\/em>Vincent&nbsp;<strong>Bullich<\/strong>, Laboratoire GRESEC, Universit\u00e9 Grenoble Alpes<\/p>\n\n\n\n<p>11h Pause<\/p>\n\n\n\n<p><strong>11h30<br><\/strong><em><strong>Industries culturelles et plateformes num\u00e9riques, entre travail gratuit et mon\u00e9tisation<\/strong><br><\/em><strong>Antonio Casilli,&nbsp;<\/strong>Telecom Paris<strong>&nbsp;et Maud Simonet,&nbsp;<\/strong>Universit\u00e9 Paris Nanterre&nbsp;<\/p>\n\n\n\n<p>12h30 Pause<\/p>\n\n\n\n<p><strong>14h<br><em>Session 4 &#8211; Les acteurs de la contribution<\/em><\/strong>&nbsp;<br>Chair : Claire Scopsi,&nbsp;DICEN-IDF, CNAM&nbsp;&nbsp;<\/p>\n\n\n\n<p><em>Amateurs et collectionneurs du XIXe au XXIe si\u00e8cle&nbsp;: les nouveaux partages des savoirs.<br><\/em>Dominique<strong>&nbsp;Pety<\/strong>, Laboratoire LLSETI, Universit\u00e9 Savoie Mont Blanc&nbsp;&nbsp;<\/p>\n\n\n\n<p><em>\u00ab&nbsp;Femmes gitanes du quai des Platanes&nbsp;\u00bb&nbsp;: un dispositif num\u00e9rique participatif pour la valorisation de la culture des femmes gitanes,&nbsp;<\/em>Eva<strong>&nbsp;Sandri<\/strong>, Laboratoire LERASS, Universit\u00e9 Paul Val\u00e9ry Montpellier 3&nbsp;<\/p>\n\n\n\n<p><em>Le projet europ\u00e9en \u00ab Part-Her \u00bb : les institutions et les citoyens sont-ils irr\u00e9conciliables ?<\/em>, Aude&nbsp;<strong>Sivigny<\/strong>, Mairie de Tours, Virginie&nbsp;<strong>Tostain<\/strong>, Mus\u00e9e du Compagnonnage&nbsp;<\/p>\n\n\n\n<p><em>Analyse des rapports d\u2019influences des acteurs par l\u2019usage de la plateforme socio num\u00e9rique Facebook dans le cadre de la sauvegarde du Pont des Trous \u00e0 Tournai<\/em>, Pascal<strong>&nbsp;Simoens<\/strong>, Institut Num\u00e9diart, Universit\u00e9 de Mons<\/p>\n\n\n\n<p>15h30 Pause<\/p>\n\n\n\n<p><strong><em>16h<\/em><\/strong><em>&nbsp;<strong>Session 5 &#8211; Connaissance et reconnaissance&nbsp;<\/strong><\/em><br>Chair : Marta Severo,&nbsp;DICEN-IDF, Universit\u00e9 Paris Nanterre&nbsp;&nbsp;<\/p>\n\n\n\n<p><em>Les modalit\u00e9s de la participation culturelle des lecteurs et lectrices de manga&nbsp;: concurrence et coop\u00e9ration au sein d\u2019un domaine \u00e9mergent d\u2019expertise et de m\u00e9moire,&nbsp;<\/em>Olivier&nbsp;<strong>Vanh\u00e9e<\/strong>, Centre Max Weber, ENS de Lyon, Universit\u00e9 Lyon 2&nbsp;&nbsp;<\/p>\n\n\n\n<p><em>L\u2019\u00e9ditorialisation comme nouveau paradigme de coproduction du savoir. L\u2019Inducks entre amateurs et professionnels de la bande dessin\u00e9e Disney<\/em>, Irene&nbsp;<strong>De Togni<\/strong>, Laboratoire DICEN-IDF, Universit\u00e9 Paris Nanterre&nbsp;<\/p>\n\n\n\n<p><em>Quand le service public audiovisuel investit Facebook : enjeux de participation sur Culture Prime<\/em>,&nbsp;<strong>Lucie Alexis<\/strong>, Laboratoire CARISM, Universit\u00e9 Paris 2 Panth\u00e9on-Assas, Institut Fran\u00e7ais de Presse&nbsp;<\/p>\n\n\n\n<p><em>La plateforme num\u00e9rique Kindle Direct Publishing : Amazon est-il un nouvel acteur culturel&nbsp;?<\/em>, St\u00e9phanie&nbsp;<strong>Parmentier<\/strong>, Laboratoire TELEM, Universit\u00e9 Bordeaux-Montaigne<\/p>\n\n\n\n<p><strong>17h30<\/strong>&nbsp;<br>Cl\u00f4ture \u2013 \u00c9change avec la salle<\/p>\n","protected":false},"excerpt":{"rendered":"<p>PROGRAMME Lundi 30 novembre 2020 (en ligne) 9h15&nbsp;Ouverture&nbsp;Marta Severo, coordinatrice ANR COLLABORA&nbsp;&nbsp; 9h30Session 1 &#8211; M\u00e9moires collectives et patrimoines partag\u00e9s&nbsp;Chair : C\u00e9cile Payeur,&nbsp;DICEN-IDF, Universit\u00e9 Paris Nanterre&nbsp;&nbsp; Vers une injonction \u00e0 la participation ? \u00c9tude de cas autour du r\u00f4le de la photographie pour la RMN \u2013 Grand Palais, S\u00e9bastien&nbsp;Appiotti, Laboratoire CEMTI, Universit\u00e9 Paris 8&nbsp; Les [&hellip;]<\/p>\n","protected":false},"author":4,"featured_media":0,"parent":0,"menu_order":0,"comment_status":"closed","ping_status":"closed","template":"","meta":[],"_links":{"self":[{"href":"https:\/\/anr-collabora.parisnanterre.fr\/index.php\/wp-json\/wp\/v2\/pages\/446"}],"collection":[{"href":"https:\/\/anr-collabora.parisnanterre.fr\/index.php\/wp-json\/wp\/v2\/pages"}],"about":[{"href":"https:\/\/anr-collabora.parisnanterre.fr\/index.php\/wp-json\/wp\/v2\/types\/page"}],"author":[{"embeddable":true,"href":"https:\/\/anr-collabora.parisnanterre.fr\/index.php\/wp-json\/wp\/v2\/users\/4"}],"replies":[{"embeddable":true,"href":"https:\/\/anr-collabora.parisnanterre.fr\/index.php\/wp-json\/wp\/v2\/comments?post=446"}],"version-history":[{"count":5,"href":"https:\/\/anr-collabora.parisnanterre.fr\/index.php\/wp-json\/wp\/v2\/pages\/446\/revisions"}],"predecessor-version":[{"id":468,"href":"https:\/\/anr-collabora.parisnanterre.fr\/index.php\/wp-json\/wp\/v2\/pages\/446\/revisions\/468"}],"wp:attachment":[{"href":"https:\/\/anr-collabora.parisnanterre.fr\/index.php\/wp-json\/wp\/v2\/media?parent=446"}],"curies":[{"name":"wp","href":"https:\/\/api.w.org\/{rel}","templated":true}]}}