{"id":363,"date":"2020-05-10T16:24:39","date_gmt":"2020-05-10T16:24:39","guid":{"rendered":"https:\/\/anr-collabora.parisnanterre.fr\/?page_id=363"},"modified":"2020-11-04T16:40:21","modified_gmt":"2020-11-04T16:40:21","slug":"equipe-de-vitrines-en-confinement","status":"publish","type":"page","link":"https:\/\/anr-collabora.parisnanterre.fr\/index.php\/vitrinesenconfinement\/equipe-de-vitrines-en-confinement\/","title":{"rendered":"Equipe de Vitrines en confinement"},"content":{"rendered":"\n<p><strong>Responsables<\/strong><br>Sarah Gensburger (ISP\/CNRS) <br>Marta Severo (Dicen-IDF\/Universit\u00e9 Paris Nanterre)<\/p>\n\n\n\n<p><strong>Responsable pour l&rsquo;Universit\u00e9 La Sapienza Roma<\/strong><br>Marzia Antenore<\/p>\n\n\n\n<p><strong>Responsable communication <\/strong><br>S\u00e9verine Millot-Dumazert (<a class=\"\" href=\"mailto:vitrinesenconfinement.info@gmail.com\">vitrinesenconfinement.info@gmail.com<\/a>)<\/p>\n\n\n\n<p><strong>Coordination de la plateforme vitrinesenconfinement.gogocarto.fr<\/strong><br>Magali Vautelin, Nathalie Barnault, Aurore et Clara Gensburger<\/p>\n\n\n\n<p><strong>Coordination de la plateforme vetrineinquarantena.gogocarto.fr<\/strong><br>Emma Filipponi, Karen Nuvoli<br><\/p>\n\n\n\n<p><em><strong>Nous remercions tous les contributeurs qui chaque jour nous envoient leur photo<\/strong> !<\/em><\/p>\n","protected":false},"excerpt":{"rendered":"<p>ResponsablesSarah Gensburger (ISP\/CNRS) Marta Severo (Dicen-IDF\/Universit\u00e9 Paris Nanterre) Responsable pour l&rsquo;Universit\u00e9 La Sapienza RomaMarzia Antenore Responsable communication S\u00e9verine Millot-Dumazert (vitrinesenconfinement.info@gmail.com) Coordination de la plateforme vitrinesenconfinement.gogocarto.frMagali Vautelin, Nathalie Barnault, Aurore et Clara Gensburger Coordination de la plateforme vetrineinquarantena.gogocarto.frEmma Filipponi, Karen Nuvoli Nous remercions tous les contributeurs qui chaque jour nous envoient leur photo !<\/p>\n","protected":false},"author":1,"featured_media":0,"parent":257,"menu_order":0,"comment_status":"closed","ping_status":"closed","template":"","meta":[],"_links":{"self":[{"href":"https:\/\/anr-collabora.parisnanterre.fr\/index.php\/wp-json\/wp\/v2\/pages\/363"}],"collection":[{"href":"https:\/\/anr-collabora.parisnanterre.fr\/index.php\/wp-json\/wp\/v2\/pages"}],"about":[{"href":"https:\/\/anr-collabora.parisnanterre.fr\/index.php\/wp-json\/wp\/v2\/types\/page"}],"author":[{"embeddable":true,"href":"https:\/\/anr-collabora.parisnanterre.fr\/index.php\/wp-json\/wp\/v2\/users\/1"}],"replies":[{"embeddable":true,"href":"https:\/\/anr-collabora.parisnanterre.fr\/index.php\/wp-json\/wp\/v2\/comments?post=363"}],"version-history":[{"count":6,"href":"https:\/\/anr-collabora.parisnanterre.fr\/index.php\/wp-json\/wp\/v2\/pages\/363\/revisions"}],"predecessor-version":[{"id":410,"href":"https:\/\/anr-collabora.parisnanterre.fr\/index.php\/wp-json\/wp\/v2\/pages\/363\/revisions\/410"}],"up":[{"embeddable":true,"href":"https:\/\/anr-collabora.parisnanterre.fr\/index.php\/wp-json\/wp\/v2\/pages\/257"}],"wp:attachment":[{"href":"https:\/\/anr-collabora.parisnanterre.fr\/index.php\/wp-json\/wp\/v2\/media?parent=363"}],"curies":[{"name":"wp","href":"https:\/\/api.w.org\/{rel}","templated":true}]}}