{"id":337,"date":"2020-05-10T14:38:14","date_gmt":"2020-05-10T14:38:14","guid":{"rendered":"https:\/\/anr-collabora.parisnanterre.fr\/?page_id=337"},"modified":"2020-05-10T16:26:11","modified_gmt":"2020-05-10T16:26:11","slug":"comment-ca-marche","status":"publish","type":"page","link":"https:\/\/anr-collabora.parisnanterre.fr\/index.php\/vitrinesenconfinement\/comment-ca-marche\/","title":{"rendered":"Comment \u00e7a marche ?"},"content":{"rendered":"\n<p>Chaque contribution doit indiquer :<\/p>\n\n\n\n<ul><li>date de la photo<\/li><li>l\u2019adresse compl\u00e8te<\/li><li>la nature du lieu (commerce \/ lieu public non commercial \/ fen\u00eatre priv\u00e9e \/ graffiti)<\/li><li>l\u2019activit\u00e9 habituellement exerc\u00e9e en ce lieu (caf\u00e9, sport,&#8230;)<\/li><li>si possible, la retranscription du texte de l\u2019affichette.<\/li><\/ul>\n\n\n\n<p>Chaque contribution peut \u00eatre partag\u00e9e :<\/p>\n\n\n\n<ul><li>PAR <strong>FACEBOOK<\/strong> : Vous pouvez poster votre photo et les informations li\u00e9es sur le groupe\u00a0<a href=\"https:\/\/www.facebook.com\/groups\/vitrinesenconfinement\/\">https:\/\/www.facebook.com\/groups\/vitrinesenconfinement\/<\/a><br><\/li><li>PAR <strong>TWITTER<\/strong> : Vous pouvez tweeter votre photo en ins\u00e9rant #VitrinesEnConfinement #WindowsInLockdown #VetrineInQuarantena<br><\/li><li>PAR <strong>INSTAGRAM<\/strong> : Vous pouvez poster votre photo en ins\u00e9rant #VitrinesEnConfinement #WindowsInLockdown #VetrineInQuarantena<br><\/li><li>PAR LA <strong>PLATEFORME CONTRIBUTIVE<\/strong> :\u00a0<a href=\"https:\/\/vitrinesenconfinement.gogocarto.fr\/\">https:\/\/vitrinesenconfinement.gogocarto.fr\/<\/a><\/li><li>PAR <strong>EMAIL<\/strong> : <a href=\"mailto:vitrinesenconfinement@protonmail.fr\">vitrinesenconfinement@protonmail.fr<\/a><\/li><\/ul>\n\n\n\n<p><\/p>\n\n\n\n<p>Toutes les contributions faites sur les r\u00e9seaux sociaux seront rapatri\u00e9es sur le site contributif et archiv\u00e9es. Les contributions sur Twitter seront \u00e9galement archiv\u00e9es par l\u2019INA.<\/p>\n\n\n\n<p><\/p>\n\n\n\n<h2>A propos de la photographie<\/h2>\n\n\n\n<p>Prendre une photographie en gros plan, faire attention au reflet et faire en sorte, dans la mesure du possible, que le texte soit lisible. Indiquer dans le post\/sur la notice le type de commerce\/l\u2019adresse et la date de prise de vue. Si possible&nbsp;retranscrire le texte et ajouter tout commentaire qui vous semble pertinent.<\/p>\n\n\n\n<p><\/p>\n\n\n\n<h2>A propos des droits<\/h2>\n\n\n\n<p>En contribuant \u00e0 ce groupe facebook et au d\u00e9fi collaboratif \u00ab&nbsp;les Vitrines en confinement&nbsp;\u00bb, vous donnez votre accord pour donner votre photographie, libre de droits. Les membres du groupe FB et les participants au d\u00e9fi sur le site collaboratif d\u00e9di\u00e9 seront inform\u00e9s si des usages ult\u00e9rieurs des photographies ont lieu. Ces usages seront non-marchands et ne donneront lieu \u00e0 aucune r\u00e9mun\u00e9ration.<\/p>\n\n\n\n<p><\/p>\n","protected":false},"excerpt":{"rendered":"<p>Chaque contribution doit indiquer : date de la photo l\u2019adresse compl\u00e8te la nature du lieu (commerce \/ lieu public non commercial \/ fen\u00eatre priv\u00e9e \/ graffiti) l\u2019activit\u00e9 habituellement exerc\u00e9e en ce lieu (caf\u00e9, sport,&#8230;) si possible, la retranscription du texte de l\u2019affichette. Chaque contribution peut \u00eatre partag\u00e9e : PAR FACEBOOK : Vous pouvez poster votre [&hellip;]<\/p>\n","protected":false},"author":1,"featured_media":0,"parent":257,"menu_order":0,"comment_status":"closed","ping_status":"closed","template":"","meta":[],"_links":{"self":[{"href":"https:\/\/anr-collabora.parisnanterre.fr\/index.php\/wp-json\/wp\/v2\/pages\/337"}],"collection":[{"href":"https:\/\/anr-collabora.parisnanterre.fr\/index.php\/wp-json\/wp\/v2\/pages"}],"about":[{"href":"https:\/\/anr-collabora.parisnanterre.fr\/index.php\/wp-json\/wp\/v2\/types\/page"}],"author":[{"embeddable":true,"href":"https:\/\/anr-collabora.parisnanterre.fr\/index.php\/wp-json\/wp\/v2\/users\/1"}],"replies":[{"embeddable":true,"href":"https:\/\/anr-collabora.parisnanterre.fr\/index.php\/wp-json\/wp\/v2\/comments?post=337"}],"version-history":[{"count":5,"href":"https:\/\/anr-collabora.parisnanterre.fr\/index.php\/wp-json\/wp\/v2\/pages\/337\/revisions"}],"predecessor-version":[{"id":366,"href":"https:\/\/anr-collabora.parisnanterre.fr\/index.php\/wp-json\/wp\/v2\/pages\/337\/revisions\/366"}],"up":[{"embeddable":true,"href":"https:\/\/anr-collabora.parisnanterre.fr\/index.php\/wp-json\/wp\/v2\/pages\/257"}],"wp:attachment":[{"href":"https:\/\/anr-collabora.parisnanterre.fr\/index.php\/wp-json\/wp\/v2\/media?parent=337"}],"curies":[{"name":"wp","href":"https:\/\/api.w.org\/{rel}","templated":true}]}}