{"id":270,"date":"2020-05-09T12:53:06","date_gmt":"2020-05-09T12:53:06","guid":{"rendered":"https:\/\/anr-collabora.parisnanterre.fr\/?page_id=270"},"modified":"2022-04-11T13:42:38","modified_gmt":"2022-04-11T13:42:38","slug":"observatoire","status":"publish","type":"page","link":"https:\/\/anr-collabora.parisnanterre.fr\/index.php\/observatoire\/","title":{"rendered":"L&rsquo;observatoire"},"content":{"rendered":"\n<p><a href=\"https:\/\/anr-collabora.parisnanterre.fr\/index.php\/the-observatory\/\">English version<\/a><\/p>\n\n\n\n<p>Un des objectifs du projet ANR COLLABORA est la construction d&rsquo;un observatoire des dispositifs culturels contributifs. <\/p>\n\n\n\n<p>Avec le terme \u00ab&nbsp;<strong>dispositifs culturels<\/strong>&nbsp;<strong>contributifs<\/strong> \u00bb, nous nous r\u00e9f\u00e9rons \u00e0 tout dispositif num\u00e9rique qui permet \u00e0 des acteurs de la soci\u00e9t\u00e9 civile de contribuer \u00e0 la construction de savoirs li\u00e9s \u00e0 des objets culturels en interaction avec une ou plusieurs institutions culturelles (archives, biblioth\u00e8ques, mus\u00e9es, th\u00e9\u00e2tres ou directement une administration centrale comme le minist\u00e8re de la Culture).<\/p>\n\n\n\n<p>Le&nbsp;<strong>projet&nbsp;ANR COLLABORA&nbsp;<\/strong>vise \u00e0 proposer une d\u00e9finition op\u00e9rationnelle de ce type de dispositif \u00e0 partir de l\u2019analyse de l\u2019\u00e9tat de lieux des dispositifs existants.&nbsp;<\/p>\n\n\n\n<p>Les dispositifs ont \u00e9t\u00e9 analys\u00e9s sous<strong>&nbsp;trois aspects<\/strong>&nbsp;:<\/p>\n\n\n\n<ul><li>Le projet institutionnel (porteur, financement, objet, etc.) ;<\/li><li>Le contributeur (public vis\u00e9, conditions de contribution, caract\u00e9ristiques du profil utilisateur, etc.) ;<\/li><li>Les donn\u00e9es (type de donn\u00e9es r\u00e9colt\u00e9es\/produites, statut des donn\u00e9es, t\u00e2che r\u00e9alis\u00e9e, etc.) ; (iv) interface (modalit\u00e9 d\u2019acc\u00e8s, rapport avec d\u2019autres espaces num\u00e9riques, etc.).<\/li><\/ul>\n\n\n\n<p><a rel=\"noreferrer noopener\" href=\"https:\/\/anr-collabora.parisnanterre.fr\/observatoire\/\" target=\"_blank\"><strong>Consultez l&rsquo;observatoire &gt;<\/strong><\/a><\/p>\n","protected":false},"excerpt":{"rendered":"<p>Un des objectifs du projet ANR COLLABORA est la construction d&rsquo;un observatoire des dispositifs culturels contributifs. <\/p>\n","protected":false},"author":1,"featured_media":272,"parent":0,"menu_order":0,"comment_status":"closed","ping_status":"closed","template":"","meta":[],"_links":{"self":[{"href":"https:\/\/anr-collabora.parisnanterre.fr\/index.php\/wp-json\/wp\/v2\/pages\/270"}],"collection":[{"href":"https:\/\/anr-collabora.parisnanterre.fr\/index.php\/wp-json\/wp\/v2\/pages"}],"about":[{"href":"https:\/\/anr-collabora.parisnanterre.fr\/index.php\/wp-json\/wp\/v2\/types\/page"}],"author":[{"embeddable":true,"href":"https:\/\/anr-collabora.parisnanterre.fr\/index.php\/wp-json\/wp\/v2\/users\/1"}],"replies":[{"embeddable":true,"href":"https:\/\/anr-collabora.parisnanterre.fr\/index.php\/wp-json\/wp\/v2\/comments?post=270"}],"version-history":[{"count":6,"href":"https:\/\/anr-collabora.parisnanterre.fr\/index.php\/wp-json\/wp\/v2\/pages\/270\/revisions"}],"predecessor-version":[{"id":723,"href":"https:\/\/anr-collabora.parisnanterre.fr\/index.php\/wp-json\/wp\/v2\/pages\/270\/revisions\/723"}],"wp:featuredmedia":[{"embeddable":true,"href":"https:\/\/anr-collabora.parisnanterre.fr\/index.php\/wp-json\/wp\/v2\/media\/272"}],"wp:attachment":[{"href":"https:\/\/anr-collabora.parisnanterre.fr\/index.php\/wp-json\/wp\/v2\/media?parent=270"}],"curies":[{"name":"wp","href":"https:\/\/api.w.org\/{rel}","templated":true}]}}