{"id":262,"date":"2020-05-09T12:44:48","date_gmt":"2020-05-09T12:44:48","guid":{"rendered":"https:\/\/anr-collabora.parisnanterre.fr\/?page_id=262"},"modified":"2021-04-26T08:21:50","modified_gmt":"2021-04-26T08:21:50","slug":"revue-de-presse","status":"publish","type":"page","link":"https:\/\/anr-collabora.parisnanterre.fr\/index.php\/vitrinesenconfinement\/revue-de-presse\/","title":{"rendered":"Revue de presse"},"content":{"rendered":"\n<p><strong>Revue d&rsquo;histoire culturelle XVIIIe-XXIe si\u00e8cles<\/strong>, 2021, n\u00b02<br><a href=\"https:\/\/revues.mshparisnord.fr\/rhc\/index.php?id=1107\">D\u00e9confiner les archives du COVID-19, retour sur le projet collaboratif \u00ab\u00a0Vitrines en confinement\u00a0\u00bb<\/a><\/p>\n\n\n\n<p><strong>La Croix<\/strong>, 17 avril 2021<br><a href=\"https:\/\/www.la-croix.com\/France\/memoire-confinement-champ-collecte-recherche-2021-04-17-1201151366\">La m\u00e9moire du confinement, champ de collecte et de recherche<\/a><\/p>\n\n\n\n<p><strong>Lib\u00e9ration<\/strong>, 19 mars 2021<br><a href=\"https:\/\/www.liberation.fr\/culture\/confinement-enfermes-pour-inventaire-20210318_4QJELUYEWRCENKZDCL3I744RAI\/\">Confinement : enferm\u00e9s pour inventaire<\/a><\/p>\n\n\n\n<p><\/p>\n\n\n\n<p><strong>L&rsquo;Express<\/strong>, 14 f\u00e9vrier 2021<a href=\"https:\/\/www.lexpress.fr\/actualite\/societe\/que-restera-t-il-de-la-crise-du-covid-19-dans-la-memoire-collective_2144828.html\"><br>Que restera-t-il de la crise du Covid-19 dans la m\u00e9moire collective ?<\/a><\/p>\n\n\n\n<p><\/p>\n\n\n\n<p><strong>BRUZ<\/strong>, 18 juin 2020<br><a href=\"https:\/\/www.bruzz.be\/fr\/culture\/culture\/archiver-la-quarantaine-pour-ne-jamais-loublier-2020-06-18\">Archiver la quarantaine pour ne jamais l&rsquo;oublier<\/a><\/p>\n\n\n\n<p><\/p>\n\n\n\n<p><strong>Collezione da Tiffany<\/strong>, 10 juin 2020<br><a href=\"https:\/\/www.collezionedatiffany.com\/che-cosa-resta-street-photography-e-covid-19-nel-progetto-di-vetrine-in-quarantena\/?fbclid=IwAR1veDI6P5IX-mA4Ovc1kV9eCpsWQf1Ugq9iSHpEA7mqyuti9jgiSV-XCz4\">CHE COSA RESTA? STREET PHOTOGRAPHY E COVID-19 NEL PROGETTO DI VETRINE IN QUARANTENA<\/a>, Alessandra Minio<\/p>\n\n\n\n<p><\/p>\n\n\n\n<p><strong>Basilicata Notizie<\/strong>, 5 juin 2020<br><a href=\"http:\/\/basilicatanotizie.net\/meridiana\/15669-dalla-fase-1-alla-fase-2-come-cambiano-le-nostre-citta.html\">Dalla fase 1 alla fase 2, come cambiano le nostre citt\u00e0?<\/a><\/p>\n\n\n\n<p><\/p>\n\n\n\n<p><strong>isNews<\/strong>, 31 mai 2020<br><a href=\"https:\/\/www.isnews.it\/cultura\/69605-coronavirus-e-citta-che-cambiano-parte-la-sfida-vetrine-in-quarantena.html\"><em>Coronavirus e citt\u00e0 che cambiano: parte la sfida \u00ab\u00a0Vetrine in quarantena\u00a0\u00bb<\/em><\/a><\/p>\n\n\n\n<p><\/p>\n\n\n\n<p><strong>Derni\u00e8res nouvelles d&rsquo;Alsace<\/strong>, 28 mai 2020<br><a href=\"https:\/\/www.dna.fr\/sante\/2020\/05\/28\/garder-la-memoire-du-confinement-(et-du-deconfinement)\"><em>Garder la m\u00e9moire du confinement (et du d\u00e9confinement)<\/em> <\/a><\/p>\n\n\n\n<p><\/p>\n\n\n\n<p><strong>L&rsquo;Arena di Verona<\/strong>, 28 mai 2020<br><a href=\"https:\/\/anr-collabora.parisnanterre.fr\/wp-content\/uploads\/2020\/05\/aren.pdf\"><em>Tra paure e speranze di Parigi con le \u00abVetrine in quarantena\u00bb<\/em><\/a>, Francesca Lorandi <\/p>\n\n\n\n<p><\/p>\n\n\n\n<p><strong>La Croix<\/strong>, 20 mai 2020<br><a href=\"https:\/\/www.la-croix.com\/JournalV2\/memoire-confinement-deja-archivee-2020-05-20-1101095164?fbclid=IwAR2ZyWa2QjYaIljhc1P-uoXp9DdAVdj800SZfcV0oaT6HyUC7FIuNgwFMPs\"><em>Au jour le jour. La m\u00e9moire du confinement est d\u00e9j\u00e0 archiv\u00e9e<\/em><\/a>, Pascal Charrier<\/p>\n\n\n\n<p><\/p>\n\n\n\n<p><strong>Radio Campus Paris, <\/strong>11 mai 2020<br><a href=\"https:\/\/www.radiocampusparis.org\/jusqua-nouvel-ordre-semaine-8\/\"><em><strong>Jusqu\u2019\u00e0 Nouvel Ordre<\/strong>&nbsp;repart apr\u00e8s une semaine de pause pour sa huiti\u00e8me semaine de diffusion !<\/em><\/a><\/p>\n\n\n\n<p><\/p>\n\n\n\n<p><strong>France 3 Paris Ile-de-France<\/strong>, playlist&nbsp;Ensemble c&rsquo;est mieux,<abbr title=\"Jeudi 7 mai 2020, 10:57\"> 7 mai<\/abbr> 2020<br><em><a href=\"https:\/\/www.facebook.com\/france3paris\/videos\/164515824965212\/UzpfSTExMTkwMjE3MzgzOTg3NjoxMjIxNzczOTI4MTIzNTQ\/?modal=admin_todo_tour\">M\u00e9moire collective A l\u2019approche de la fin de cette p\u00e9riode in\u00e9dite, quels souvenirs garderons-nous du confinement ? Le&nbsp;CNRS&nbsp;et l&rsquo;&nbsp;Universit\u00e9 de Nanterre&nbsp;font&nbsp;appel \u00e0 vous pour collecter vos souvenirs<\/a><\/em>,&nbsp;Val\u00e8re Corr\u00e9ard&nbsp;<\/p>\n\n\n\n<p><\/p>\n\n\n\n<p><strong>France Culture<\/strong>, 7 mai 2020 <br><a href=\"https:\/\/www.franceculture.fr\/sociologie\/de-vitrines-en-balcons-la-ville-confinee-sexprime?fbclid=IwAR1zXIUUpZalp3oJjkvDnWwhq3JGgVYTl7OgC2GPKyJz-hFwzhS4kVZeNaQ\"><em>De vitrines en balcons, la ville confin\u00e9e s&rsquo;exprime<\/em><\/a>,&nbsp;C\u00e9line Lecl\u00e8re<\/p>\n\n\n\n<p><\/p>\n\n\n\n<p><strong>Histoires Ordinaires<\/strong>, 7 mai 2020<br><a href=\"https:\/\/www.histoiresordinaires.fr\/Nos-vitrines-parlent-a-l-heure-du-confinement-photographiez-et-participez_a2591.html\"><em>Nos vitrines parlent \u00e0 l\u2019heure du confinement \u00a0\u00bb : photographiez et participez<\/em><\/a><\/p>\n\n\n\n<p><\/p>\n\n\n\n<p><strong>Stylist.fr<\/strong>, 6 mai 2020<br><a href=\"https:\/\/www.stylist.fr\/cinq-micro-changements-de-vie-a-adopter-tout-de-suite,283970.asp\"><em>Cinq micro-changements de vie \u00e0 adopter tout de suite<\/em><\/a><\/p>\n\n\n\n<p><\/p>\n\n\n\n<p><strong>L&rsquo;Information Durable<\/strong>, 5 mai 2020<br><a href=\"https:\/\/www.linfodurable.fr\/educationcitoyennete\/memoire-collective-photographiez-votre-quartier-confine-17776?fbclid=IwAR3nz05fvRn2s2yUU2EVWtEl78fWjwPZoTnmVtr6c40X1bssVFltNFv2TRs\"><em>M\u00e9moire collective : photographiez votre quartier confin\u00e9 !<\/em><\/a>, Cl\u00e9ment Pedrosa<\/p>\n\n\n\n<p><\/p>\n\n\n\n<p><strong>Gazzetta di Napoli<\/strong>, 5 mai 2020<br><a href=\"https:\/\/www.gazzettadinapoli.it\/istruzione\/universita\/sfida-collaborativa-vetrine-in-quarantena-in-collaborazione-con-con-le-universita-di-roma-e-parigi\/\"><em>Sfida collaborativa \u201cVetrine in quarantena\u201d in collaborazione con con le Universit\u00e0 di Roma e Parigi<\/em><\/a><\/p>\n\n\n\n<p><\/p>\n\n\n\n<p><strong>Universit\u00e9 La Sapienza Roma<\/strong>, 5 mai 2020<br><a href=\"https:\/\/www.uniroma1.it\/en\/notizia\/shopwindowsinquarantine-study-shops-communication-strategies-during-isolation-send-your\"><em>#ShopwindowsinQuarantine: a study on shops&rsquo; communication strategies during isolation. Send your picture.<\/em><\/a><\/p>\n\n\n\n<p><\/p>\n\n\n\n<p><strong>La Depeche<\/strong>, 4 mai 2020<br><a href=\"https:\/\/www.ladepeche.fr\/2020\/05\/04\/une-etude-sur-les-mots-qui-saffichent-durant-ce-confinement,8872989.php\"><em>Une \u00e9tude sur les mots qui s&rsquo;affichent durant ce confinement<\/em><\/a>, Andy Barr\u00e9jot<\/p>\n\n\n\n<p><\/p>\n\n\n\n<p><strong>La nouvelle R\u00e9publique des Pyr\u00e9n\u00e9es<\/strong>, 4 mai 2020<br><a href=\"https:\/\/www.nrpyrenees.fr\/2020\/05\/04\/une-etude-sur-les-mots-qui-saffichent-durant-ce-confinement,8872989.php\">Une \u00e9tude sur les mots qui s&rsquo;affichent durant ce confinement<\/a>, Andy Barr\u00e9jot<br> <\/p>\n\n\n\n<p><\/p>\n\n\n\n<p><strong>Le Point<\/strong>, 3 mai 2020<br><a href=\"https:\/\/www.lepoint.fr\/societe\/confinement-les-chercheurs-sondent-deja-nos-memoires-03-05-2020-2373924_23.php\"><em>Confinement&nbsp;: les chercheurs sondent d\u00e9j\u00e0 nos m\u00e9moires<\/em><\/a>, Audrey Emery<\/p>\n\n\n\n<p><\/p>\n\n\n\n<p><strong>Il Corriere della Sera<\/strong>, 30 avril 2020<br><a href=\"https:\/\/www.corriere.it\/economia\/consumi\/cards\/da-parigi-roma-firenze-istanbul-cosa-raccontano-vetrine-quarantena\/saracinesche-abbassate-silenzio_principale.shtml?fbclid=IwAR0nDP8hvM8YFuqDWR23IXvJX-FGt14PPuro7jSX576rqLkOaoRHlq71GuI\"><em>Da Parigi a Roma, a Istanbul: cosa raccontano le vetrine della quarantena<\/em><\/a>, Alice Avallone&nbsp;<\/p>\n\n\n\n<p><\/p>\n\n\n\n<p><strong>Blog de Sciences Po<\/strong>, 29 avril 2020<br><a href=\"http:\/\/blogs.sciences-po.fr\/recherche-villes\/covid-19-defi-collaboratif-nos-vitrines-parlent-a-lheure-du-confinement\/\"><em>Covid-19 : D\u00e9fi collaboratif \u00ab&nbsp;Nos vitrines parlent \u00e0 l\u2019heure du confinement&nbsp;\u00bb<\/em><\/a><\/p>\n\n\n\n<p><\/p>\n\n\n\n<p><strong>Universit\u00e9 La Sapienza Roma<\/strong>, 27 avril 2020<br><em><a href=\"https:\/\/www.coris.uniroma1.it\/archivionotizie\/vetrineinquarantena?fbclid=IwAR2iNorQMn1xozFAb1zT3LVXlrtPFVp_P7FECQS6j17k2G6JsARFX8w6VTs\">La sfida collaborativa \u201cVetrine in quarantena\u201d, promossa da Universit\u00e0 di Paris-Nanterre<\/a><\/em>, Alice Avallone<\/p>\n\n\n\n<p><\/p>\n\n\n\n<p><strong>Associazione Italiana di Sociologia<\/strong>, 27 avril 2020<br><a href=\"https:\/\/www.ais-sociologia.it\/alert\/vetrineinquarantena-10365\/\"><em>#VetrineInQuarantena<\/em><\/a><\/p>\n\n\n\n<p><\/p>\n","protected":false},"excerpt":{"rendered":"<p>Revue d&rsquo;histoire culturelle XVIIIe-XXIe si\u00e8cles, 2021, n\u00b02D\u00e9confiner les archives du COVID-19, retour sur le projet collaboratif \u00ab\u00a0Vitrines en confinement\u00a0\u00bb La Croix, 17 avril 2021La m\u00e9moire du confinement, champ de collecte et de recherche Lib\u00e9ration, 19 mars 2021Confinement : enferm\u00e9s pour inventaire L&rsquo;Express, 14 f\u00e9vrier 2021Que restera-t-il de la crise du Covid-19 dans la m\u00e9moire collective [&hellip;]<\/p>\n","protected":false},"author":1,"featured_media":0,"parent":257,"menu_order":0,"comment_status":"closed","ping_status":"closed","template":"","meta":[],"_links":{"self":[{"href":"https:\/\/anr-collabora.parisnanterre.fr\/index.php\/wp-json\/wp\/v2\/pages\/262"}],"collection":[{"href":"https:\/\/anr-collabora.parisnanterre.fr\/index.php\/wp-json\/wp\/v2\/pages"}],"about":[{"href":"https:\/\/anr-collabora.parisnanterre.fr\/index.php\/wp-json\/wp\/v2\/types\/page"}],"author":[{"embeddable":true,"href":"https:\/\/anr-collabora.parisnanterre.fr\/index.php\/wp-json\/wp\/v2\/users\/1"}],"replies":[{"embeddable":true,"href":"https:\/\/anr-collabora.parisnanterre.fr\/index.php\/wp-json\/wp\/v2\/comments?post=262"}],"version-history":[{"count":18,"href":"https:\/\/anr-collabora.parisnanterre.fr\/index.php\/wp-json\/wp\/v2\/pages\/262\/revisions"}],"predecessor-version":[{"id":585,"href":"https:\/\/anr-collabora.parisnanterre.fr\/index.php\/wp-json\/wp\/v2\/pages\/262\/revisions\/585"}],"up":[{"embeddable":true,"href":"https:\/\/anr-collabora.parisnanterre.fr\/index.php\/wp-json\/wp\/v2\/pages\/257"}],"wp:attachment":[{"href":"https:\/\/anr-collabora.parisnanterre.fr\/index.php\/wp-json\/wp\/v2\/media?parent=262"}],"curies":[{"name":"wp","href":"https:\/\/api.w.org\/{rel}","templated":true}]}}