{"id":257,"date":"2020-05-09T12:39:47","date_gmt":"2020-05-09T12:39:47","guid":{"rendered":"https:\/\/anr-collabora.parisnanterre.fr\/?page_id=257"},"modified":"2020-12-08T12:59:34","modified_gmt":"2020-12-08T12:59:34","slug":"vitrinesenconfinement","status":"publish","type":"page","link":"https:\/\/anr-collabora.parisnanterre.fr\/index.php\/vitrinesenconfinement\/","title":{"rendered":"Vitrines en confinement"},"content":{"rendered":"\n<p class=\"has-text-align-center\"><strong>Visitez l&rsquo;archive des photos collect\u00e9es : <a href=\"https:\/\/vitrinesenconfinement.huma-num.fr\/\">https:\/\/vitrinesenconfinement.huma-num.fr\/<\/a><\/strong><\/p>\n\n\n\n<figure class=\"wp-block-image size-large\"><img decoding=\"async\" loading=\"lazy\" width=\"1024\" height=\"768\" src=\"https:\/\/anr-collabora.parisnanterre.fr\/wp-content\/uploads\/2020\/05\/VitrinesEnConfinement-1024x768.jpg\" alt=\"\" class=\"wp-image-347\" srcset=\"https:\/\/anr-collabora.parisnanterre.fr\/wp-content\/uploads\/2020\/05\/VitrinesEnConfinement-1024x768.jpg 1024w, https:\/\/anr-collabora.parisnanterre.fr\/wp-content\/uploads\/2020\/05\/VitrinesEnConfinement-300x225.jpg 300w, https:\/\/anr-collabora.parisnanterre.fr\/wp-content\/uploads\/2020\/05\/VitrinesEnConfinement-768x576.jpg 768w, https:\/\/anr-collabora.parisnanterre.fr\/wp-content\/uploads\/2020\/05\/VitrinesEnConfinement.jpg 1200w\" sizes=\"(max-width: 1024px) 100vw, 1024px\" \/><\/figure>\n\n\n\n<p>Comment parlons-nous du confinement ? Avec quels mots et quelles phrases ? Qui nommons nous comme responsables de la d\u00e9cision de confinement qui nous contraint \u00e0 rester chez nous et \u00e0 limiter le plus possible nos d\u00e9placements ? Quels documents garderons-nous pour t\u00e9moigner de cette p\u00e9riode dans le futur ?<\/p>\n\n\n\n<p>Le principe du<strong> d\u00e9fi collaboratif \u00ab Nos vitrines parlent \u00e0 l\u2019heure du confinement \u00bb<\/strong> est, lors de nos br\u00e8ves sorties autoris\u00e9es, de prendre de mani\u00e8re la plus syst\u00e9matique possible des photographies en gros plan et en mode paysage des messages appos\u00e9s par les commer\u00e7ants dans leurs vitrines, par les responsables de lieux publics non-commer\u00e7ants sur leurs fa\u00e7ades ou par les citoyens sur leurs fen\u00eatres priv\u00e9es et de les partager sur les r\u00e9seaux sociaux (<strong>#VitrinesEnConfinement<\/strong>) ou sur la plateforme contributive&nbsp;<a href=\"https:\/\/vitrinesenconfinement.gogocarto.fr\/\">https:\/\/vitrinesenconfinement.gogocarto.fr\/<\/a>.<\/p>\n\n\n\n<p>Le m\u00eame projet a \u00e9t\u00e9 lanc\u00e9 \u00e9galement :<\/p>\n\n\n\n<ul><li> en italien #VetrineInQuarantera <\/li><li>en anglais #WindowsInLockdown<\/li><\/ul>\n\n\n\n<p><strong>Cette collection permettra de construire une m\u00e9moire photographique des quartiers lors du confinement. Ces informations donneront lieu \u00e0 des analyses scientifiques tandis que les photos constitueront un fond photographique qui sera conserv\u00e9 et fera patrimoine.<\/strong><\/p>\n\n\n\n<p><\/p>\n\n\n\n<h2>Archive<\/h2>\n\n\n\n<p>Les photos collect\u00e9es sont aujourd&rsquo;hui disponible dans l&rsquo;archive en ligne <a href=\"https:\/\/vitrinesenconfinement.huma-num.fr\/\"><strong>https:\/\/vitrinesenconfinement.huma-num.fr\/<\/strong><\/a><\/p>\n\n\n\n<h2><strong>Cr\u00e9dits<\/strong><\/h2>\n\n\n\n<p>Le d\u00e9fi collaboratif \u00ab #VitrinesEnConfinement \u00bb est port\u00e9 par une \u00e9quipe de recherche du CNRS (Centre National de la Recherche Scientifique) et de l\u2019Universit\u00e9 Paris Nanterre. <\/p>\n\n\n\n<p>Ce projet est pilot\u00e9 par Sarah Gensburger (ISP\/CNRS) et Marta Severo (Dicen-IDF\/Universit\u00e9 Paris Nanterre) en collaboration avec le projet ANR COLLABORA<\/p>\n\n\n\n<h2><strong>Contact<\/strong><\/h2>\n\n\n\n<p><a href=\"mailto:vitrinesenconfinement@protonmail.com\">vitrinesenconfinement@protonmail.com<\/a><\/p>\n","protected":false},"excerpt":{"rendered":"<p>L&rsquo;ANR COLLABORA contribue au d\u00e9fi collaboratif \u00ab Nos vitrines parlent \u00e0 l\u2019heure du confinement \u00bb qui vise construire une m\u00e9moire photographique de l&rsquo;espace public lors du confinement.<\/p>\n","protected":false},"author":1,"featured_media":268,"parent":0,"menu_order":0,"comment_status":"closed","ping_status":"closed","template":"","meta":[],"_links":{"self":[{"href":"https:\/\/anr-collabora.parisnanterre.fr\/index.php\/wp-json\/wp\/v2\/pages\/257"}],"collection":[{"href":"https:\/\/anr-collabora.parisnanterre.fr\/index.php\/wp-json\/wp\/v2\/pages"}],"about":[{"href":"https:\/\/anr-collabora.parisnanterre.fr\/index.php\/wp-json\/wp\/v2\/types\/page"}],"author":[{"embeddable":true,"href":"https:\/\/anr-collabora.parisnanterre.fr\/index.php\/wp-json\/wp\/v2\/users\/1"}],"replies":[{"embeddable":true,"href":"https:\/\/anr-collabora.parisnanterre.fr\/index.php\/wp-json\/wp\/v2\/comments?post=257"}],"version-history":[{"count":10,"href":"https:\/\/anr-collabora.parisnanterre.fr\/index.php\/wp-json\/wp\/v2\/pages\/257\/revisions"}],"predecessor-version":[{"id":421,"href":"https:\/\/anr-collabora.parisnanterre.fr\/index.php\/wp-json\/wp\/v2\/pages\/257\/revisions\/421"}],"wp:featuredmedia":[{"embeddable":true,"href":"https:\/\/anr-collabora.parisnanterre.fr\/index.php\/wp-json\/wp\/v2\/media\/268"}],"wp:attachment":[{"href":"https:\/\/anr-collabora.parisnanterre.fr\/index.php\/wp-json\/wp\/v2\/media?parent=257"}],"curies":[{"name":"wp","href":"https:\/\/api.w.org\/{rel}","templated":true}]}}