{"id":20,"date":"2019-02-13T17:10:22","date_gmt":"2019-02-13T17:10:22","guid":{"rendered":"https:\/\/anr-collabora.parisnanterre.fr\/?page_id=20"},"modified":"2022-02-09T10:00:14","modified_gmt":"2022-02-09T10:00:14","slug":"membres-du-projet","status":"publish","type":"page","link":"https:\/\/anr-collabora.parisnanterre.fr\/index.php\/membres-du-projet\/","title":{"rendered":"Membres du projet"},"content":{"rendered":"\n<p><em>Coordinateur du projet : <\/em><\/p>\n\n\n\n<p>Marta Severo, DICEN-idf, Universit\u00e9 Paris Nanterre<\/p>\n\n\n\n<p><em>Participants :<\/em><\/p>\n\n\n\n<p>Lionel Barbe, DICEN-idf, Universit\u00e9 Paris Nanterre<\/p>\n\n\n\n<p>Benjamin Barbier, DICEN-idf, Universit\u00e9 Paris Nanterre<\/p>\n\n\n\n<p>Romain Bigay, DICEN-idf, Universit\u00e9 Paris Nanterre<\/p>\n\n\n\n<p>Val\u00e9rie Beaudouin, SES, ParisTech T\u00e9l\u00e9com<\/p>\n\n\n\n<p>Ev\u00e9lyne Broudoux, DICEN-idf, CNAM<\/p>\n\n\n\n<p>Peppe Cavallari, COSTECH-UTC<\/p>\n\n\n\n<p>Lisa Chupin, DICEN-idf, Universit\u00e9 Paris Descartes<\/p>\n\n\n\n<p>Camille Claverie, DICEN-idf, Universit\u00e9 Paris Nanterre<\/p>\n\n\n\n<p>Emma Filipponi, DICEN-idf, Universit\u00e9 Paris Nanterre<\/p>\n\n\n\n<p>Sarah Gensburger, ISP, CNRS<\/p>\n\n\n\n<p>G\u00e9rald Kembellec, DICEN-idf, CNAM<\/p>\n\n\n\n<p>Sarah Labelle, LERASS, Universit\u00e9 Paul Val\u00e9ry\u00a0Montpellier<\/p>\n\n\n\n<p>Lionel Maurel, CNRS<\/p>\n\n\n\n<p>C\u00e9cile Payeur, DICEN-idf, Universit\u00e9 Paris Nanterre<\/p>\n\n\n\n<p>Claire Scopsi, DICEN-idf, CNAM<\/p>\n\n\n\n<p>Antonin Segault, DICEN-idf, Universit\u00e9 Paris Nanterre<\/p>\n\n\n\n<p>S\u00e9bastien Shulz, DICEN-idf, Universit\u00e9 Paris Nanterre<\/p>\n\n\n\n<p>Aliz\u00e9 Sibella, DICEN-idf, Universit\u00e9 Paris Nanterre<\/p>\n\n\n\n<p>C\u00e9cile Tardy, Geriico, Universit\u00e9 de Lille<\/p>\n\n\n\n<p>Manuel Zacklad, DICEN-idf, CNAM<\/p>\n","protected":false},"excerpt":{"rendered":"<p>Coordinateur du projet : Marta Severo, DICEN-idf, Universit\u00e9 Paris Nanterre Participants : Lionel Barbe, DICEN-idf, Universit\u00e9 Paris Nanterre Benjamin Barbier, DICEN-idf, Universit\u00e9 Paris Nanterre Romain Bigay, DICEN-idf, Universit\u00e9 Paris Nanterre Val\u00e9rie Beaudouin, SES, ParisTech T\u00e9l\u00e9com Ev\u00e9lyne Broudoux, DICEN-idf, CNAM Peppe Cavallari, COSTECH-UTC Lisa Chupin, DICEN-idf, Universit\u00e9 Paris Descartes Camille Claverie, DICEN-idf, Universit\u00e9 Paris Nanterre Emma [&hellip;]<\/p>\n","protected":false},"author":1,"featured_media":0,"parent":0,"menu_order":0,"comment_status":"closed","ping_status":"closed","template":"","meta":[],"_links":{"self":[{"href":"https:\/\/anr-collabora.parisnanterre.fr\/index.php\/wp-json\/wp\/v2\/pages\/20"}],"collection":[{"href":"https:\/\/anr-collabora.parisnanterre.fr\/index.php\/wp-json\/wp\/v2\/pages"}],"about":[{"href":"https:\/\/anr-collabora.parisnanterre.fr\/index.php\/wp-json\/wp\/v2\/types\/page"}],"author":[{"embeddable":true,"href":"https:\/\/anr-collabora.parisnanterre.fr\/index.php\/wp-json\/wp\/v2\/users\/1"}],"replies":[{"embeddable":true,"href":"https:\/\/anr-collabora.parisnanterre.fr\/index.php\/wp-json\/wp\/v2\/comments?post=20"}],"version-history":[{"count":10,"href":"https:\/\/anr-collabora.parisnanterre.fr\/index.php\/wp-json\/wp\/v2\/pages\/20\/revisions"}],"predecessor-version":[{"id":626,"href":"https:\/\/anr-collabora.parisnanterre.fr\/index.php\/wp-json\/wp\/v2\/pages\/20\/revisions\/626"}],"wp:attachment":[{"href":"https:\/\/anr-collabora.parisnanterre.fr\/index.php\/wp-json\/wp\/v2\/media?parent=20"}],"curies":[{"name":"wp","href":"https:\/\/api.w.org\/{rel}","templated":true}]}}