{"id":191,"date":"2019-11-18T16:20:39","date_gmt":"2019-11-18T16:20:39","guid":{"rendered":"https:\/\/anr-collabora.parisnanterre.fr\/?page_id=191"},"modified":"2021-03-03T14:26:43","modified_gmt":"2021-03-03T14:26:43","slug":"colloque","status":"publish","type":"page","link":"https:\/\/anr-collabora.parisnanterre.fr\/index.php\/colloque\/","title":{"rendered":"Le colloque"},"content":{"rendered":"\n<p>Le colloque \u00ab La fabrique de la participation culturelle. Plateformes num\u00e9riques et enjeux d\u00e9mocratiques \u00bb (30 novembre &#8211; 1 d\u00e9cembre 2020) ambitionne d&rsquo;interroger les cadres th\u00e9oriques, empiriques et politiques de la fabrique de la participation culturelle. Il vise \u00e0 questionner plusieurs sp\u00e9cificit\u00e9s de ce ph\u00e9nom\u00e8ne sous diff\u00e9rents angles, mais aussi \u00e0 approfondir les enjeux d\u00e9mocratiques li\u00e9s \u00e0 la diffusion de projets num\u00e9riques de participation culturelle. Les communications s&rsquo;organisent autour de cinq axes de r\u00e9flexion : Acteurs de la contribution en ligne ; Enjeux politiques et angles morts de la participation num\u00e9rique ; Connaissance et reconnaissance ; M\u00e9moires collectives et patrimoines partag\u00e9s ; D\u00e9fis de la plateformisation.<\/p>\n\n\n\n<p>Les sections suivantes vous permettront de retrouver une archive des th\u00e9matiques, du programme et des communications propos\u00e9es lors de ce colloque.<\/p>\n\n\n\n<p><a href=\"https:\/\/anr-collabora.parisnanterre.fr\/index.php\/presentation-et-thematiques\/\">Pr\u00e9sentation et th\u00e9matiques<\/a><\/p>\n\n\n\n<p><a href=\"https:\/\/anr-collabora.parisnanterre.fr\/index.php\/programme-du-colloque\/\">Programme<\/a><\/p>\n\n\n\n<p><a href=\"https:\/\/anr-collabora.parisnanterre.fr\/index.php\/entretiens\/\">D\u00e9couvrez les interventions<\/a><\/p>\n\n\n\n<p><a href=\"https:\/\/anr-collabora.parisnanterre.fr\/index.php\/actes-du-colloque\/\">Actes du colloque<\/a><\/p>\n","protected":false},"excerpt":{"rendered":"<p>Le colloque de l&rsquo;ANR COLLABORA \u00ab\u00a0La fabrique de la participation culturelle. Plateformes num\u00e9riques et enjeux d\u00e9mocratiques\u00a0\u00bb aura lieu le 30 novembre et 1 d\u00e9cembre 2020.<\/p>\n","protected":false},"author":1,"featured_media":287,"parent":0,"menu_order":0,"comment_status":"closed","ping_status":"closed","template":"","meta":[],"_links":{"self":[{"href":"https:\/\/anr-collabora.parisnanterre.fr\/index.php\/wp-json\/wp\/v2\/pages\/191"}],"collection":[{"href":"https:\/\/anr-collabora.parisnanterre.fr\/index.php\/wp-json\/wp\/v2\/pages"}],"about":[{"href":"https:\/\/anr-collabora.parisnanterre.fr\/index.php\/wp-json\/wp\/v2\/types\/page"}],"author":[{"embeddable":true,"href":"https:\/\/anr-collabora.parisnanterre.fr\/index.php\/wp-json\/wp\/v2\/users\/1"}],"replies":[{"embeddable":true,"href":"https:\/\/anr-collabora.parisnanterre.fr\/index.php\/wp-json\/wp\/v2\/comments?post=191"}],"version-history":[{"count":21,"href":"https:\/\/anr-collabora.parisnanterre.fr\/index.php\/wp-json\/wp\/v2\/pages\/191\/revisions"}],"predecessor-version":[{"id":486,"href":"https:\/\/anr-collabora.parisnanterre.fr\/index.php\/wp-json\/wp\/v2\/pages\/191\/revisions\/486"}],"wp:featuredmedia":[{"embeddable":true,"href":"https:\/\/anr-collabora.parisnanterre.fr\/index.php\/wp-json\/wp\/v2\/media\/287"}],"wp:attachment":[{"href":"https:\/\/anr-collabora.parisnanterre.fr\/index.php\/wp-json\/wp\/v2\/media?parent=191"}],"curies":[{"name":"wp","href":"https:\/\/api.w.org\/{rel}","templated":true}]}}